{"id":100,"date":"2021-06-23T22:26:29","date_gmt":"2021-06-23T20:26:29","guid":{"rendered":"https:\/\/smart4p.com\/?page_id=100"},"modified":"2022-08-12T21:28:18","modified_gmt":"2022-08-12T19:28:18","slug":"accueil","status":"publish","type":"page","link":"https:\/\/smart4p.com\/","title":{"rendered":"Accueil"},"content":{"rendered":"\n<ul><li><strong>Am\u00e9liorer<\/strong>&nbsp;la&nbsp;<strong>performance <\/strong>de votre organisation.<\/li><li><strong>Maitriser <\/strong>le <strong>pilotage op\u00e9rationnel <\/strong>et <strong>strat\u00e9gique <\/strong>de vos&nbsp;activit\u00e9s.<\/li><li><strong>Pr\u00e9parer <\/strong>en temps r\u00e9el vos&nbsp;<strong>donn\u00e9es&nbsp;<\/strong>et <strong>restituer<\/strong> vos&nbsp;<strong>KPI<\/strong> en&nbsp;<strong>DAR<\/strong> : <strong>Dashboard<\/strong>, <strong>Analysis<\/strong>&nbsp;et&nbsp;<strong>Reporting<\/strong>.<\/li><li><strong>D\u00e9velopper <\/strong>avec succ\u00e8s vos solutions <strong>VDA <\/strong>: Data <strong>Viz<\/strong>, Data <strong>Discovery<\/strong> et Data <strong>Analytics<\/strong>.<\/li><\/ul>\n\n\n\n<figure class=\"wp-block-video\"><video autoplay controls loop muted poster=\"\" src=\"https:\/\/smart4p.com\/wp-content\/uploads\/2021\/09\/SmartDAR-Presentation.mp4\" playsinline><\/video><\/figure>\n\n\n\n<p>#&nbsp;Exiger une r\u00e9elle <strong>Smart DigitalBI<\/strong><br># D\u00e9ployer un <strong>Agile Data RealTime Pipeline<\/strong><\/p>\n\n\n\n<p># Opter pour&nbsp;<strong><a href=\"https:\/\/smart4p.com\/index.php\/nos-offres\/\" data-type=\"URL\">SmartDAR\u00ae Ecosystem<\/a><\/strong><\/p>\n\n\n\n<p><\/p>\n","protected":false},"excerpt":{"rendered":"<p>Am\u00e9liorer&nbsp;la&nbsp;performance de votre organisation. Maitriser le pilotage op\u00e9rationnel et strat\u00e9gique de vos&nbsp;activit\u00e9s. Pr\u00e9parer en temps r\u00e9el vos&nbsp;donn\u00e9es&nbsp;et restituer vos&nbsp;KPI en&nbsp;DAR : Dashboard, Analysis&nbsp;et&nbsp;Reporting. D\u00e9velopper avec succ\u00e8s vos solutions VDA : Data Viz, Data Discovery et Data Analytics. #&nbsp;Exiger une r\u00e9elle Smart DigitalBI# D\u00e9ployer un Agile Data RealTime Pipeline # Opter pour&nbsp;SmartDAR\u00ae Ecosystem<\/p>\n","protected":false},"author":1,"featured_media":0,"parent":0,"menu_order":0,"comment_status":"closed","ping_status":"closed","template":"","meta":{"inline_featured_image":false},"_links":{"self":[{"href":"https:\/\/smart4p.com\/index.php\/wp-json\/wp\/v2\/pages\/100"}],"collection":[{"href":"https:\/\/smart4p.com\/index.php\/wp-json\/wp\/v2\/pages"}],"about":[{"href":"https:\/\/smart4p.com\/index.php\/wp-json\/wp\/v2\/types\/page"}],"author":[{"embeddable":true,"href":"https:\/\/smart4p.com\/index.php\/wp-json\/wp\/v2\/users\/1"}],"replies":[{"embeddable":true,"href":"https:\/\/smart4p.com\/index.php\/wp-json\/wp\/v2\/comments?post=100"}],"version-history":[{"count":223,"href":"https:\/\/smart4p.com\/index.php\/wp-json\/wp\/v2\/pages\/100\/revisions"}],"predecessor-version":[{"id":1074,"href":"https:\/\/smart4p.com\/index.php\/wp-json\/wp\/v2\/pages\/100\/revisions\/1074"}],"wp:attachment":[{"href":"https:\/\/smart4p.com\/index.php\/wp-json\/wp\/v2\/media?parent=100"}],"curies":[{"name":"wp","href":"https:\/\/api.w.org\/{rel}","templated":true}]}}