{"id":1072,"date":"2022-08-12T21:30:15","date_gmt":"2022-08-12T19:30:15","guid":{"rendered":"https:\/\/smart4p.com\/?page_id=1072"},"modified":"2022-08-31T20:16:45","modified_gmt":"2022-08-31T18:16:45","slug":"frugalagility","status":"publish","type":"page","link":"https:\/\/smart4p.com\/index.php\/frugalagility\/","title":{"rendered":"FrugalAgility\u00ae"},"content":{"rendered":"\n<div class=\"wp-block-columns\">\n<div class=\"wp-block-column\" style=\"flex-basis:55%\">\n<p class=\"has-large-font-size\"><strong>FrugalAgility\u00ae- Agilit\u00e9 Frugale<\/strong><\/p>\n\n\n\n<p class=\"has-black-color has-text-color\">Avons-nous besoin de plus d\u2019agilit\u00e9 quand l&rsquo;incertitude s&rsquo;accentue ?<\/p>\n\n\n\n<hr class=\"wp-block-separator\"\/>\n\n\n\n<p>  <\/p>\n\n\n\n<div class=\"wp-block-columns\">\n<div class=\"wp-block-column\">\n<figure class=\"wp-block-image size-large is-resized\"><img loading=\"lazy\" src=\"https:\/\/smart4p.com\/wp-content\/uploads\/2022\/08\/FA_BookNews_SVG02.svg\" alt=\"\" class=\"wp-image-1085\" width=\"200\" height=\"162\"\/><\/figure>\n\n\n\n<p class=\"has-text-align-center has-text-color has-normal-font-size\" style=\"color:#65891e\"><strong>Agile comme un Cam\u00e9l\u00e9on !<\/strong><\/p>\n<\/div>\n\n\n\n<div class=\"wp-block-column\">\n<div class=\"wp-block-media-text alignwide is-stacked-on-mobile\" style=\"grid-template-columns:15% auto\"><figure class=\"wp-block-media-text__media\"><a href=\"https:\/\/www.amazon.fr\/dp\/B0B8R8557Q\" target=\"_blank\" rel=\"noopener\"><img loading=\"lazy\" width=\"109\" height=\"111\" src=\"https:\/\/smart4p.com\/wp-content\/uploads\/2022\/08\/FA_ICON_Amazon.png\" alt=\"\" class=\"wp-image-1055 size-full\"\/><\/a><\/figure><div class=\"wp-block-media-text__content\">\n<p class=\"has-text-align-left has-text-color\" style=\"color:#65891e\"><a href=\"https:\/\/www.amazon.fr\/dp\/B0B8R8557Q\" target=\"_blank\" rel=\"noreferrer noopener\">Acheter sur Amazon<\/a><\/p>\n<\/div><\/div>\n\n\n\n<hr class=\"wp-block-separator\"\/>\n\n\n\n<div class=\"wp-block-media-text alignwide is-vertically-aligned-center\" style=\"grid-template-columns:15% auto\"><figure class=\"wp-block-media-text__media\"><a href=\"https:\/\/www.linkedin.com\/showcase\/frugalagility\" target=\"_blank\" rel=\"noopener\"><img loading=\"lazy\" width=\"109\" height=\"112\" src=\"https:\/\/smart4p.com\/wp-content\/uploads\/2022\/08\/FA_ICON_Linkedin.png\" alt=\"\" class=\"wp-image-1057 size-full\"\/><\/a><\/figure><div class=\"wp-block-media-text__content\">\n<p class=\"has-text-align-left has-text-color\" style=\"color:#65891e\"><a href=\"https:\/\/www.linkedin.com\/showcase\/frugalagility\" target=\"_blank\" rel=\"noreferrer noopener\">Partager sur Linkedin<\/a><\/p>\n<\/div><\/div>\n\n\n\n<hr class=\"wp-block-separator\"\/>\n\n\n\n<div class=\"wp-block-media-text alignwide is-vertically-aligned-center\" style=\"grid-template-columns:16% auto\"><figure class=\"wp-block-media-text__media\"><a href=\"https:\/\/www.FrugalAgility.com\" target=\"_blank\" rel=\"noopener\"><img loading=\"lazy\" width=\"1024\" height=\"806\" src=\"https:\/\/smart4p.com\/wp-content\/uploads\/2022\/08\/AgileCommeUnCameleon-1024x806.png\" alt=\"\" class=\"wp-image-990 size-full\" srcset=\"https:\/\/smart4p.com\/wp-content\/uploads\/2022\/08\/AgileCommeUnCameleon-1024x806.png 1024w, https:\/\/smart4p.com\/wp-content\/uploads\/2022\/08\/AgileCommeUnCameleon-300x236.png 300w, https:\/\/smart4p.com\/wp-content\/uploads\/2022\/08\/AgileCommeUnCameleon-768x604.png 768w, https:\/\/smart4p.com\/wp-content\/uploads\/2022\/08\/AgileCommeUnCameleon.png 1468w\" sizes=\"(max-width: 1024px) 100vw, 1024px\" \/><\/a><\/figure><div class=\"wp-block-media-text__content\">\n<p class=\"has-text-align-left has-text-color\" style=\"color:#65891e\"><a href=\"https:\/\/www.FrugalAgility.com\" target=\"_blank\" rel=\"noreferrer noopener\">D\u00e9couvrir sur FrugalAgility.com<\/a><\/p>\n<\/div><\/div>\n<\/div>\n<\/div>\n\n\n\n<hr class=\"wp-block-separator\"\/>\n\n\n\n<p><strong>Le Livre de la rentr\u00e9e 2022&nbsp;sur le management de projets et de la transformation digitale Agile<\/strong>.<\/p>\n<\/div>\n\n\n\n<div class=\"wp-block-column\" style=\"flex-basis:45%\">\n<figure class=\"wp-block-image size-large is-resized\"><img loading=\"lazy\" src=\"https:\/\/smart4p.com\/wp-content\/uploads\/2022\/08\/FA_LIVRES_0102_SVG.svg\" alt=\"\" class=\"wp-image-981\" width=\"424\" height=\"456\"\/><\/figure>\n<\/div>\n<\/div>\n\n\n\n<hr class=\"wp-block-separator has-text-color has-background\" style=\"background-color:#99cc33;color:#99cc33\"\/>\n\n\n\n<div class=\"wp-block-columns\">\n<div class=\"wp-block-column\">\n<ul id=\"block-56f559c9-541d-4f24-b983-fa43100d282a\"><li><strong>De la d\u00e9marche avant la m\u00e9thode.<\/strong><\/li><li><strong>Instaurer une d\u00e9marche Agile Proactive &nbsp;&amp; Frugale.<\/strong><\/li><li><strong>Frugaliser les Comportements, Projets et Produits.<\/strong><\/li><\/ul>\n<\/div>\n\n\n\n<div class=\"wp-block-column\">\n<ul id=\"block-56f559c9-541d-4f24-b983-fa43100d282a\"><li><strong>Eliminer l\u2019incertitude par la maitrise de la Complexit\u00e9<\/strong><\/li><li><strong>Dissoudre la complexit\u00e9, anticiper et appr\u00e9hender au mieux les changements et les facteurs de contingence.<\/strong><\/li><\/ul>\n<\/div>\n<\/div>\n\n\n\n<hr class=\"wp-block-separator has-text-color has-background\" style=\"background-color:#99cc33;color:#99cc33\"\/>\n\n\n\n<p>Il y a un peu plus de 5 ans, j\u2019ai pris l\u2019initiative de capitaliser sur mon exp\u00e9rience par une \u00ab critique \u00bb de l\u2019agilit\u00e9 digitale ; critique au sens discerner les bonnes et les mauvaises pratiques des usages d\u2019hier et d\u2019aujourd\u2019hui.<br>Plusieurs \u00e9tudes attestent que le taux d\u2019\u00e9chec des projets est en moyenne de 70% et maintenu entre 60 et 80%.<br>Depuis sa naissance, par ses usages rituels et instinctifs, par l\u2019acc\u00e9l\u00e9ration des projets \u00e0 l\u2019extr\u00eame, l\u2019agilit\u00e9 rend souvent les projets d\u00e9pourvus de pens\u00e9e cr\u00e9ative et entraine l&rsquo;absence de prise en charge de la complexit\u00e9.<br>Initi\u00e9e en 2017, cette critique m\u2019a permis de r\u00e9pondre \u00e0 quatre grandes questions :<br>\u2022 Quels sont les facteurs de contingence des organisations et du management projet ?<br>\u2022 Quelles sont les causes directes de l\u2019ampleur des d\u00e9faillances des projets digitaux ?<br>\u2022 Comment dissoudre la complexit\u00e9 et rendre possible la pens\u00e9e complexe ?<br>\u2022 Quelles sont les valeurs et principes qui nous d\u00e9finissent et guident la relation avec autrui dans les projets ?<br>Transformer avec agilit\u00e9, proactivit\u00e9 et frugalit\u00e9 son Syst\u00e8me d\u2019Information en \u00e9cosyst\u00e8me digital intelligent, est l\u2019un des d\u00e9fis les plus strat\u00e9giques des entreprises dans les ann\u00e9es \u00e0 venir.<br>La bonne nouvelle, c\u2019est que l\u2019essentiel de cette capitalisation est formalis\u00e9 dans un ouvrage intitul\u00e9 : Frugal Agility : Une autre fa\u00e7on de voir et de faire l\u2019agilit\u00e9.<br>Cet ouvrage s\u2019adresse aux managers et aux \u00e9quipes projet, et \u00e0 tous ceux qui ont besoin de frugaliser leurs comportements, dissoudre la complexit\u00e9, anticiper et appr\u00e9hender au mieux les changements de leur environnement.<br>Cet ouvrage est disponible en format broch\u00e9 et en Ebook sur Amazon.<\/p>\n","protected":false},"excerpt":{"rendered":"<p>FrugalAgility\u00ae- Agilit\u00e9 Frugale Avons-nous besoin de plus d\u2019agilit\u00e9 quand l&rsquo;incertitude s&rsquo;accentue ? Le Livre de la rentr\u00e9e 2022&nbsp;sur le management de projets et de la transformation digitale Agile. De la d\u00e9marche avant la m\u00e9thode. Instaurer une d\u00e9marche Agile Proactive &nbsp;&amp; Frugale. Frugaliser les Comportements, Projets et Produits. Eliminer l\u2019incertitude par la maitrise de la Complexit\u00e9 [&hellip;]<\/p>\n","protected":false},"author":1,"featured_media":0,"parent":0,"menu_order":0,"comment_status":"open","ping_status":"closed","template":"","meta":{"inline_featured_image":false},"_links":{"self":[{"href":"https:\/\/smart4p.com\/index.php\/wp-json\/wp\/v2\/pages\/1072"}],"collection":[{"href":"https:\/\/smart4p.com\/index.php\/wp-json\/wp\/v2\/pages"}],"about":[{"href":"https:\/\/smart4p.com\/index.php\/wp-json\/wp\/v2\/types\/page"}],"author":[{"embeddable":true,"href":"https:\/\/smart4p.com\/index.php\/wp-json\/wp\/v2\/users\/1"}],"replies":[{"embeddable":true,"href":"https:\/\/smart4p.com\/index.php\/wp-json\/wp\/v2\/comments?post=1072"}],"version-history":[{"count":75,"href":"https:\/\/smart4p.com\/index.php\/wp-json\/wp\/v2\/pages\/1072\/revisions"}],"predecessor-version":[{"id":1163,"href":"https:\/\/smart4p.com\/index.php\/wp-json\/wp\/v2\/pages\/1072\/revisions\/1163"}],"wp:attachment":[{"href":"https:\/\/smart4p.com\/index.php\/wp-json\/wp\/v2\/media?parent=1072"}],"curies":[{"name":"wp","href":"https:\/\/api.w.org\/{rel}","templated":true}]}}