{"id":744,"date":"2021-07-09T11:23:15","date_gmt":"2021-07-09T09:23:15","guid":{"rendered":"https:\/\/smart4p.com\/?page_id=744"},"modified":"2021-07-15T16:53:47","modified_gmt":"2021-07-15T14:53:47","slug":"mentions-legales","status":"publish","type":"page","link":"https:\/\/smart4p.com\/index.php\/mentions-legales\/","title":{"rendered":"Mentions l\u00e9gales"},"content":{"rendered":"\n<h2>Soci\u00e9t\u00e9 SMART4P :<\/h2>\n\n\n\n<p>Raison sociale&nbsp;: Smart4P<br>Forme juridique&nbsp;: SASU<br>Capital social&nbsp;: 2&nbsp;000\u20ac <br>Num\u00e9ro RCS&nbsp;: 901 153 718 R.C.S. Cr\u00e9teil<br>Num\u00e9ro SIRET&nbsp;: 901 153 718 00019<br>Num\u00e9ro TVA intracommunautaire&nbsp;: FR65901153718<\/p>\n\n\n\n<h2>Adresse du si\u00e8ge&nbsp;: <\/h2>\n\n\n\n<p>3 Place Jean Giraudoux 94000 Cr\u00e9teil &#8211; France &#8211;<\/p>\n\n\n\n<h2>Contact<\/h2>\n\n\n\n<p>Mobile : (+33) 6 51 96 25 68<\/p>\n\n\n\n<p>Fixe : (+33) 1 84 23 17 68<\/p>\n\n\n\n<p>E-mail : <a href=\"mailto:contact@smart4p.com\">contact@smart4p.com<\/a><\/p>\n\n\n\n<p>Responsable des publications: Khaled BOUZIDI<br>Photo Credit&nbsp;: Unsplash \/ pexels<\/p>\n","protected":false},"excerpt":{"rendered":"<p>Soci\u00e9t\u00e9 SMART4P : Raison sociale&nbsp;: Smart4PForme juridique&nbsp;: SASUCapital social&nbsp;: 2&nbsp;000\u20ac Num\u00e9ro RCS&nbsp;: 901 153 718 R.C.S. Cr\u00e9teilNum\u00e9ro SIRET&nbsp;: 901 153 718 00019Num\u00e9ro TVA intracommunautaire&nbsp;: FR65901153718 Adresse du si\u00e8ge&nbsp;: 3 Place Jean Giraudoux 94000 Cr\u00e9teil &#8211; France &#8211; Contact Mobile : (+33) 6 51 96 25 68 Fixe : (+33) 1 84 23 17 68 E-mail [&hellip;]<\/p>\n","protected":false},"author":1,"featured_media":0,"parent":0,"menu_order":0,"comment_status":"closed","ping_status":"closed","template":"","meta":{"inline_featured_image":false},"_links":{"self":[{"href":"https:\/\/smart4p.com\/index.php\/wp-json\/wp\/v2\/pages\/744"}],"collection":[{"href":"https:\/\/smart4p.com\/index.php\/wp-json\/wp\/v2\/pages"}],"about":[{"href":"https:\/\/smart4p.com\/index.php\/wp-json\/wp\/v2\/types\/page"}],"author":[{"embeddable":true,"href":"https:\/\/smart4p.com\/index.php\/wp-json\/wp\/v2\/users\/1"}],"replies":[{"embeddable":true,"href":"https:\/\/smart4p.com\/index.php\/wp-json\/wp\/v2\/comments?post=744"}],"version-history":[{"count":5,"href":"https:\/\/smart4p.com\/index.php\/wp-json\/wp\/v2\/pages\/744\/revisions"}],"predecessor-version":[{"id":803,"href":"https:\/\/smart4p.com\/index.php\/wp-json\/wp\/v2\/pages\/744\/revisions\/803"}],"wp:attachment":[{"href":"https:\/\/smart4p.com\/index.php\/wp-json\/wp\/v2\/media?parent=744"}],"curies":[{"name":"wp","href":"https:\/\/api.w.org\/{rel}","templated":true}]}}